{"id":35,"date":"2020-07-17T21:49:34","date_gmt":"2020-07-17T19:49:34","guid":{"rendered":"http:\/\/aikido-vif.fr\/?page_id=35"},"modified":"2020-08-31T14:37:32","modified_gmt":"2020-08-31T12:37:32","slug":"aikido-kobayashi-ryu-a-vif","status":"publish","type":"page","link":"https:\/\/aikido-vif.fr\/","title":{"rendered":"Aikido Kobayashi ryu \u00e0 Vif"},"content":{"rendered":"\n<h2 class=\"has-text-align-center\">Acad\u00e9mie Vifoise d&rsquo;Aikido<\/h2>\n\n\n\n<div class=\"wp-container-3 wp-block-columns are-vertically-aligned-center\">\n<div class=\"wp-container-1 wp-block-column is-vertically-aligned-center\" style=\"flex-basis:66.66%\">\n<p>L&rsquo;acad\u00e9mie Vifoise d&rsquo;Aikido (AVA) propose des cours d&rsquo;aikido Kobayashi ryu \u00e0 Vif pour les enfants et adultes. <\/p>\n\n\n\n<p>Notre club est rattach\u00e9 \u00e0 l&rsquo;<a aria-label=\"undefined (s\u2019ouvre dans un nouvel onglet)\" href=\"https:\/\/www.aikido.fr\/\" target=\"_blank\" rel=\"noreferrer noopener\">Acad\u00e9mie Autonome d&rsquo;Aikido<\/a>, \u00e9cole d&rsquo;aikido ind\u00e9pendante dirig\u00e9e par Ma\u00eetre Andr\u00e9 Cognard. Il y transmet les principes enseign\u00e9s par son ma\u00eetre, Kobayashi Hirokazu.<\/p>\n\n\n\n<p>La pratique de l&rsquo;<a href=\"http:\/\/aikido-vif.fr\/?page_id=39\">aikido<\/a> ne n\u00e9cessite pas de pr\u00e9paration ni de capacit\u00e9s physiques particuli\u00e8re. Nous vous invitons \u00e0 venir essayer gratuitement l&rsquo;Aikido \u00e0 tout monet de l&rsquo;ann\u00e9e. Pour cela, il vous suffit de vous pr\u00e9senter \u00e0 l&rsquo;heure des cours.<\/p>\n<\/div>\n\n\n\n<div class=\"wp-container-2 wp-block-column is-vertically-aligned-center\" style=\"flex-basis:33.33%\">\n<div class=\"wp-block-image\"><figure class=\"aligncenter size-large\"><img loading=\"lazy\" width=\"182\" height=\"253\" src=\"http:\/\/aikido-vif.fr\/wp-content\/uploads\/2020\/07\/Kobayashi_Hirokazu.jpg\" alt=\"\" class=\"wp-image-78\"\/><figcaption>Kobayashi Hirokazu (1929-1998)<\/figcaption><\/figure><\/div>\n<\/div>\n<\/div>\n\n\n\n<div class=\"wp-container-6 wp-block-columns are-vertically-aligned-center\">\n<div class=\"wp-container-4 wp-block-column is-vertically-aligned-center\" style=\"flex-basis:33.33%\">\n<figure class=\"wp-block-image size-large is-resized\"><img loading=\"lazy\" src=\"http:\/\/aikido-vif.fr\/wp-content\/uploads\/2020\/07\/LOGO-ARADS-2014_WEB1.png\" alt=\"\" class=\"wp-image-73\" width=\"148\" height=\"148\" srcset=\"https:\/\/aikido-vif.fr\/wp-content\/uploads\/2020\/07\/LOGO-ARADS-2014_WEB1.png 591w, https:\/\/aikido-vif.fr\/wp-content\/uploads\/2020\/07\/LOGO-ARADS-2014_WEB1-300x300.png 300w, https:\/\/aikido-vif.fr\/wp-content\/uploads\/2020\/07\/LOGO-ARADS-2014_WEB1-150x150.png 150w\" sizes=\"(max-width: 148px) 100vw, 148px\" \/><\/figure>\n<\/div>\n\n\n\n<div class=\"wp-container-5 wp-block-column is-vertically-aligned-center\" style=\"flex-basis:66.66%\">\n<p>L\u2019Acad\u00e9mie Vifoise d\u2019Aikido est rattach\u00e9e \u00e0 l\u2019Acad\u00e9mie R\u00e9gionale d\u2019Aikido Dauphin\u00e9 Savoie (<a rel=\"noreferrer noopener\" href=\"https:\/\/dauphine-savoie.aikido.fr\/\" target=\"_blank\">ARADS<\/a>).<\/p>\n\n\n\n<p>Regroupant plus de 15 clubs dans la r\u00e9gion, elle organise des&nbsp;<a href=\"http:\/\/aikido-vif.fr\/?page_id=45\">stages<\/a>,&nbsp;<a href=\"http:\/\/aikido-vif.fr\/?page_id=41\">cycles d\u2019armes<\/a>,&nbsp;<a href=\"http:\/\/aikido-vif.fr\/?page_id=43\">pr\u00e9pa EFE<\/a>, interclubs\u2026 participant ainsi au dynamisme de l\u2019<a href=\"http:\/\/aikido-grenoble.fr\/\" target=\"_blank\" aria-label=\"undefined (s\u2019ouvre dans un nouvel onglet)\" rel=\"noreferrer noopener\">aikido Kobayashi \u00e0 Grenoble<\/a> et sa r\u00e9gion.<\/p>\n<\/div>\n<\/div>\n\n\n\n<div class=\"wp-container-7 wp-block-buttons\">\n<div class=\"wp-block-button\"><a class=\"wp-block-button__link\" href=\"http:\/\/aikido-vif.fr\/?page_id=39\">D\u00e9couvrir l&rsquo;Aikido<\/a><\/div>\n<\/div>\n\n\n\n<h2 class=\"has-text-align-center\"><a href=\"http:\/\/aikido-vif.fr\/?page_id=10\">Nos Actualit\u00e9s<\/a><\/h2>\n\n\n<ul class=\"wp-block-latest-posts__list has-dates aligncenter wp-block-latest-posts\"><li><a class=\"wp-block-latest-posts__post-title\" href=\"https:\/\/aikido-vif.fr\/?p=198\">Reprise des cours 2025-2026<\/a><time datetime=\"2023-08-31T14:40:00+02:00\" class=\"wp-block-latest-posts__post-date\">31 ao\u00fbt 2023<\/time><div class=\"wp-block-latest-posts__post-excerpt\">Nous esp\u00e9rons que vous avez passer un bon \u00e9t\u00e9 et que vous nous revenez en pleine forme.Les cours d\u2019aikido&nbsp;reprendront au dojo de Vif. &#8211; Jeudi 11 septembre pour les adultes &#8211;Vendredi 05 septembre pour les enfants<\/div><\/li>\n<li><a class=\"wp-block-latest-posts__post-title\" href=\"https:\/\/aikido-vif.fr\/?p=236\">Forum des sports 2025<\/a><time datetime=\"2023-08-29T17:07:13+02:00\" class=\"wp-block-latest-posts__post-date\">29 ao\u00fbt 2023<\/time><div class=\"wp-block-latest-posts__post-excerpt\">Cette ann\u00e9e le forum des sport aura lieu le 13 septembre 2025<\/div><\/li>\n<\/ul>","protected":false},"excerpt":{"rendered":"<p>Acad\u00e9mie Vifoise d&rsquo;Aikido L&rsquo;acad\u00e9mie Vifoise d&rsquo;Aikido (AVA) propose des cours d&rsquo;aikido Kobayashi ryu \u00e0 Vif pour les enfants et adultes. Notre club est rattach\u00e9 \u00e0 l&rsquo;Acad\u00e9mie Autonome d&rsquo;Aikido, \u00e9cole d&rsquo;aikido ind\u00e9pendante dirig\u00e9e par Ma\u00eetre Andr\u00e9 Cognard. Il y transmet les principes enseign\u00e9s par son ma\u00eetre, Kobayashi Hirokazu. La pratique de l&rsquo;aikido ne n\u00e9cessite pas de [&hellip;]<\/p>\n","protected":false},"author":1,"featured_media":60,"parent":0,"menu_order":0,"comment_status":"closed","ping_status":"closed","template":"templates\/template-full-width.php","meta":{"_monsterinsights_skip_tracking":false,"_monsterinsights_sitenote_active":false,"_monsterinsights_sitenote_note":"","_monsterinsights_sitenote_category":0},"yoast_head":"<!-- This site is optimized with the Yoast SEO plugin v14.9 - https:\/\/yoast.com\/wordpress\/plugins\/seo\/ -->\n<title>Aikido Kobayashi ryu \u00e0 Vif - Acad\u00e9mie Vifoise d&#039;Aikido<\/title>\n<meta name=\"description\" content=\"Venez essayer l&#039;Aikido Kobayashi ryu \u00e0 Vif. Notre dojo situ\u00e9 \u00e0 cot\u00e9 du stade de rugby vous accueille pour des cours d&#039;essai gratuits toute l&#039;ann\u00e9e.\" \/>\n<meta name=\"robots\" content=\"index, follow, max-snippet:-1, max-image-preview:large, max-video-preview:-1\" \/>\n<link rel=\"canonical\" href=\"http:\/\/aikido-vif.fr\/\" \/>\n<meta property=\"og:locale\" content=\"fr_FR\" \/>\n<meta property=\"og:type\" content=\"article\" \/>\n<meta property=\"og:title\" content=\"Aikido Kobayashi ryu \u00e0 Vif - Acad\u00e9mie Vifoise d&#039;Aikido\" \/>\n<meta property=\"og:description\" content=\"Venez essayer l&#039;Aikido Kobayashi ryu \u00e0 Vif. Notre dojo situ\u00e9 \u00e0 cot\u00e9 du stade de rugby vous accueille pour des cours d&#039;essai gratuits toute l&#039;ann\u00e9e.\" \/>\n<meta property=\"og:url\" content=\"http:\/\/aikido-vif.fr\/\" \/>\n<meta property=\"og:site_name\" content=\"Acad\u00e9mie Vifoise d&#039;Aikido\" \/>\n<meta property=\"article:publisher\" content=\"https:\/\/www.facebook.com\/Acad%c3%a9mie-Vifoise-dAikido-1715593915374216\" \/>\n<meta property=\"article:modified_time\" content=\"2020-08-31T12:37:32+00:00\" \/>\n<meta property=\"og:image\" content=\"https:\/\/aikido-vif.fr\/wp-content\/uploads\/2020\/07\/matoian-scaled.jpg\" \/>\n\t<meta property=\"og:image:width\" content=\"2560\" \/>\n\t<meta property=\"og:image:height\" content=\"853\" \/>\n<meta name=\"twitter:card\" content=\"summary_large_image\" \/>\n<script type=\"application\/ld+json\" class=\"yoast-schema-graph\">{\"@context\":\"https:\/\/schema.org\",\"@graph\":[{\"@type\":\"WebSite\",\"@id\":\"https:\/\/aikido-vif.fr\/#website\",\"url\":\"https:\/\/aikido-vif.fr\/\",\"name\":\"Acad\\u00e9mie Vifoise d&#039;Aikido\",\"description\":\"Aikido Vif\",\"potentialAction\":[{\"@type\":\"SearchAction\",\"target\":\"https:\/\/aikido-vif.fr\/?s={search_term_string}\",\"query-input\":\"required name=search_term_string\"}],\"inLanguage\":\"fr-FR\"},{\"@type\":\"ImageObject\",\"@id\":\"http:\/\/aikido-vif.fr\/#primaryimage\",\"inLanguage\":\"fr-FR\",\"url\":\"https:\/\/aikido-vif.fr\/wp-content\/uploads\/2020\/07\/matoian-scaled.jpg\",\"width\":2560,\"height\":853},{\"@type\":\"WebPage\",\"@id\":\"http:\/\/aikido-vif.fr\/#webpage\",\"url\":\"http:\/\/aikido-vif.fr\/\",\"name\":\"Aikido Kobayashi ryu \\u00e0 Vif - Acad\\u00e9mie Vifoise d&#039;Aikido\",\"isPartOf\":{\"@id\":\"https:\/\/aikido-vif.fr\/#website\"},\"primaryImageOfPage\":{\"@id\":\"http:\/\/aikido-vif.fr\/#primaryimage\"},\"datePublished\":\"2020-07-17T19:49:34+00:00\",\"dateModified\":\"2020-08-31T12:37:32+00:00\",\"description\":\"Venez essayer l'Aikido Kobayashi ryu \\u00e0 Vif. Notre dojo situ\\u00e9 \\u00e0 cot\\u00e9 du stade de rugby vous accueille pour des cours d'essai gratuits toute l'ann\\u00e9e.\",\"inLanguage\":\"fr-FR\",\"potentialAction\":[{\"@type\":\"ReadAction\",\"target\":[\"http:\/\/aikido-vif.fr\/\"]}]}]}<\/script>\n<!-- \/ Yoast SEO plugin. -->","_links":{"self":[{"href":"https:\/\/aikido-vif.fr\/index.php?rest_route=\/wp\/v2\/pages\/35"}],"collection":[{"href":"https:\/\/aikido-vif.fr\/index.php?rest_route=\/wp\/v2\/pages"}],"about":[{"href":"https:\/\/aikido-vif.fr\/index.php?rest_route=\/wp\/v2\/types\/page"}],"author":[{"embeddable":true,"href":"https:\/\/aikido-vif.fr\/index.php?rest_route=\/wp\/v2\/users\/1"}],"replies":[{"embeddable":true,"href":"https:\/\/aikido-vif.fr\/index.php?rest_route=%2Fwp%2Fv2%2Fcomments&post=35"}],"version-history":[{"count":13,"href":"https:\/\/aikido-vif.fr\/index.php?rest_route=\/wp\/v2\/pages\/35\/revisions"}],"predecessor-version":[{"id":197,"href":"https:\/\/aikido-vif.fr\/index.php?rest_route=\/wp\/v2\/pages\/35\/revisions\/197"}],"wp:featuredmedia":[{"embeddable":true,"href":"https:\/\/aikido-vif.fr\/index.php?rest_route=\/wp\/v2\/media\/60"}],"wp:attachment":[{"href":"https:\/\/aikido-vif.fr\/index.php?rest_route=%2Fwp%2Fv2%2Fmedia&parent=35"}],"curies":[{"name":"wp","href":"https:\/\/api.w.org\/{rel}","templated":true}]}}