{"id":37,"date":"2020-07-17T21:50:00","date_gmt":"2020-07-17T19:50:00","guid":{"rendered":"http:\/\/aikido-vif.fr\/?page_id=37"},"modified":"2025-07-08T19:33:35","modified_gmt":"2025-07-08T17:33:35","slug":"cours","status":"publish","type":"page","link":"https:\/\/aikido-vif.fr\/?page_id=37","title":{"rendered":"Cours"},"content":{"rendered":"\n<p>Nos enseignant et pratiquants serons ravis de vous accueillir pour des <strong>cours d&rsquo;essai gratuits toute l&rsquo;ann\u00e9e<\/strong>.<\/p>\n\n\n\n<p>Pour cela, il vous suffit de vous pr\u00e9senter au dojo \u00e0 l&rsquo;heure des cours. Il n&rsquo;y a pas besoin de capacit\u00e9s ou pr\u00e9paration physique particuli\u00e8re. Munissez vous d&rsquo;un v\u00eatement de sport souple.<\/p>\n\n\n\n<p>Nous vous attendons dans notre dojo !<\/p>\n\n\n\n<p><\/p>\n\n\n\n<h2 class=\"has-text-align-center\">Notre dojo<\/h2>\n\n\n\n<p>Notre dojo est situ\u00e9 pr\u00e8s du stade de rugby, en face du coll\u00e8ge. Nous disposons \u00e9galement de pelouses pour la pratique des armes en ext\u00e9rieur.<\/p>\n\n\n\n<div class=\"wp-container-3 wp-block-columns are-vertically-aligned-center\">\n<div class=\"wp-container-1 wp-block-column is-vertically-aligned-center\">\n<p class=\"has-text-align-center\"><strong>Dojo<\/strong>, <\/p>\n\n\n\n<p class=\"has-text-align-center\">Salle Heigeas<\/p>\n\n\n\n<p class=\"has-text-align-center\">rue du stade<\/p>\n\n\n\n<p class=\"has-text-align-center\">38450 Vif<\/p>\n\n\n\n<p><\/p>\n<\/div>\n\n\n\n<div class=\"wp-container-2 wp-block-column is-vertically-aligned-center\">\n<center><iframe loading=\"lazy\" src=\"https:\/\/www.google.com\/maps\/embed?pb=!1m18!1m12!1m3!1d996.446898682481!2d5.679213311383781!3d45.05785402960029!2m3!1f0!2f0!3f0!3m2!1i1024!2i768!4f13.1!3m3!1m2!1s0x478a8f6caaa06053%3A0x8ecfe680355bf011!2sAcad%C3%A9mie%20Vifoise%20d'Aikido!5e0!3m2!1sfr!2sfr!4v1595174463913!5m2!1sfr!2sfr\" width=\"400\" height=\"300\" frameborder=\"0\" style=\"border:0;\" allowfullscreen=\"\" aria-hidden=\"false\" tabindex=\"0\"><\/iframe><\/center>\n\n\n\n<p><\/p>\n<\/div>\n<\/div>\n\n\n\n<h2 class=\"has-text-align-center\">Cours d&rsquo;aikido<\/h2>\n\n\n\n<figure class=\"wp-block-table\"><table><tbody><tr><td>Mardi <\/td><td>21h &#8211; 22h30<\/td><td>pr\u00e9paration grades<\/td><\/tr><tr><td>Jeudi<\/td><td>20h30 &#8211; 22h<\/td><td>ados, adultes<\/td><\/tr><tr><td>Vendredi<\/td><td>18h15 &#8211; 19h30<\/td><td>enfants<\/td><\/tr><\/tbody><\/table><\/figure>\n\n\n\n<h2 class=\"has-text-align-center\">Tarifs<\/h2>\n\n\n\n<figure class=\"wp-block-table\"><table><tbody><tr><td><\/td><td>Cours<\/td><td>Licence, assurance<\/td><\/tr><tr><td>Adultes<\/td><td>120\u20ac<\/td><td>58\u20ac<\/td><\/tr><tr><td>Etudiants, ch\u00f4meurs<\/td><td>100\u20ac<\/td><td>54\u20ac<\/td><\/tr><tr><td>Enfants<\/td><td>80\u20ac<\/td><td>34\u20ac<\/td><\/tr><\/tbody><\/table><figcaption>* Pour les familles, 20% de r\u00e9duction \u00e0 partir de la 2\u00e8me inscription.<\/figcaption><\/figure>\n\n\n\n<p><\/p>\n\n\n\n<h2 class=\"has-text-align-center\">Formations<\/h2>\n\n\n\n<p>En plus des cours hebdomadaires, de nombreux stages et formations sont propos\u00e9s dans la r\u00e9gion et sont ouverts aux pratiquants de tous niveaux.<\/p>\n\n\n\n<ul><li><a href=\"http:\/\/aikido-vif.fr\/?page_id=45\">Stages ARADS<\/a>, dirig\u00e9s par Matoian shihan et Barth\u00e9l\u00e8my sensei. WE, soir\u00e9es dans les dojos de la r\u00e9gions.<\/li><li><a href=\"http:\/\/aikido-vif.fr\/?page_id=43\">Pr\u00e9pa EFE<\/a>, dirig\u00e9e par Lemarchand sensei et Seguin sensei \u00e0 Sassenage. 7 WE dans l\u2019ann\u00e9e.<\/li><li><a href=\"http:\/\/aikido-vif.fr\/?page_id=41\">Cycle armes ARADS<\/a>, dirig\u00e9 par Lemarchand sensei \u00e0 Vif. Premiers mardis du mois 21h.<\/li><\/ul>\n\n\n\n<h2 class=\"has-text-align-center\">Enseignants<\/h2>\n\n\n\n<p>Les enseignants de l&rsquo;Acad\u00e9mie Vifoise d&rsquo;Aikido suivent les <a href=\"https:\/\/www.aikido.fr\/formations\/\" target=\"_blank\" aria-label=\"undefined (s\u2019ouvre dans un nouvel onglet)\" rel=\"noreferrer noopener\">cycles de formation nationaux<\/a> propos\u00e9s par l&rsquo;Acad\u00e9mie Autonome d&rsquo;Aikido.<\/p>\n\n\n\n<ul><li>Antoine Lemarchand sensei, 4\u00e8me dan. Aikido adulte, cycle armes.<\/li><li>Pierre Muratelle sensei, 1er dan. Aikido cours enfants.<\/li><\/ul>\n","protected":false},"excerpt":{"rendered":"<p>Nos enseignant et pratiquants serons ravis de vous accueillir pour des cours d&rsquo;essai gratuits toute l&rsquo;ann\u00e9e. Pour cela, il vous suffit de vous pr\u00e9senter au dojo \u00e0 l&rsquo;heure des cours. Il n&rsquo;y a pas besoin de capacit\u00e9s ou pr\u00e9paration physique particuli\u00e8re. Munissez vous d&rsquo;un v\u00eatement de sport souple. Nous vous attendons dans notre dojo ! [&hellip;]<\/p>\n","protected":false},"author":1,"featured_media":64,"parent":0,"menu_order":0,"comment_status":"closed","ping_status":"closed","template":"templates\/template-full-width.php","meta":{"_monsterinsights_skip_tracking":false,"_monsterinsights_sitenote_active":false,"_monsterinsights_sitenote_note":"","_monsterinsights_sitenote_category":0},"yoast_head":"<!-- This site is optimized with the Yoast SEO plugin v14.9 - https:\/\/yoast.com\/wordpress\/plugins\/seo\/ -->\n<title>Nos Cours - Acad\u00e9mie Vifoise d&#039;Aikido<\/title>\n<meta name=\"description\" content=\"Venez essayer l&#039;Aikido Kobayashi ryu \u00e0 Vif. 3 cours hebdomadaires au dojo de Vif. Cours d&#039;essai gratuit toute l&#039;ann\u00e9e pour les enfants ados et adultes.\" \/>\n<meta name=\"robots\" content=\"index, follow, max-snippet:-1, max-image-preview:large, max-video-preview:-1\" \/>\n<link rel=\"canonical\" href=\"https:\/\/aikido-vif.fr\/?page_id=37\" \/>\n<meta property=\"og:locale\" content=\"fr_FR\" \/>\n<meta property=\"og:type\" content=\"article\" \/>\n<meta property=\"og:title\" content=\"Nos Cours - Acad\u00e9mie Vifoise d&#039;Aikido\" \/>\n<meta property=\"og:description\" content=\"Venez essayer l&#039;Aikido Kobayashi ryu \u00e0 Vif. 3 cours hebdomadaires au dojo de Vif. Cours d&#039;essai gratuit toute l&#039;ann\u00e9e pour les enfants ados et adultes.\" \/>\n<meta property=\"og:url\" content=\"https:\/\/aikido-vif.fr\/?page_id=37\" \/>\n<meta property=\"og:site_name\" content=\"Acad\u00e9mie Vifoise d&#039;Aikido\" \/>\n<meta property=\"article:publisher\" content=\"https:\/\/www.facebook.com\/Acad%c3%a9mie-Vifoise-dAikido-1715593915374216\" \/>\n<meta property=\"article:modified_time\" content=\"2025-07-08T17:33:35+00:00\" \/>\n<meta property=\"og:image\" content=\"https:\/\/aikido-vif.fr\/wp-content\/uploads\/2020\/07\/banniere_taijutsu_tenchinage-scaled.jpg\" \/>\n\t<meta property=\"og:image:width\" content=\"2560\" \/>\n\t<meta property=\"og:image:height\" content=\"853\" \/>\n<meta name=\"twitter:card\" content=\"summary_large_image\" \/>\n<script type=\"application\/ld+json\" class=\"yoast-schema-graph\">{\"@context\":\"https:\/\/schema.org\",\"@graph\":[{\"@type\":\"WebSite\",\"@id\":\"https:\/\/aikido-vif.fr\/#website\",\"url\":\"https:\/\/aikido-vif.fr\/\",\"name\":\"Acad\\u00e9mie Vifoise d&#039;Aikido\",\"description\":\"Aikido Vif\",\"potentialAction\":[{\"@type\":\"SearchAction\",\"target\":\"https:\/\/aikido-vif.fr\/?s={search_term_string}\",\"query-input\":\"required name=search_term_string\"}],\"inLanguage\":\"fr-FR\"},{\"@type\":\"ImageObject\",\"@id\":\"https:\/\/aikido-vif.fr\/?page_id=37#primaryimage\",\"inLanguage\":\"fr-FR\",\"url\":\"https:\/\/aikido-vif.fr\/wp-content\/uploads\/2020\/07\/banniere_taijutsu_tenchinage-scaled.jpg\",\"width\":2560,\"height\":853},{\"@type\":\"WebPage\",\"@id\":\"https:\/\/aikido-vif.fr\/?page_id=37#webpage\",\"url\":\"https:\/\/aikido-vif.fr\/?page_id=37\",\"name\":\"Nos Cours - Acad\\u00e9mie Vifoise d&#039;Aikido\",\"isPartOf\":{\"@id\":\"https:\/\/aikido-vif.fr\/#website\"},\"primaryImageOfPage\":{\"@id\":\"https:\/\/aikido-vif.fr\/?page_id=37#primaryimage\"},\"datePublished\":\"2020-07-17T19:50:00+00:00\",\"dateModified\":\"2025-07-08T17:33:35+00:00\",\"description\":\"Venez essayer l'Aikido Kobayashi ryu \\u00e0 Vif. 3 cours hebdomadaires au dojo de Vif. Cours d'essai gratuit toute l'ann\\u00e9e pour les enfants ados et adultes.\",\"inLanguage\":\"fr-FR\",\"potentialAction\":[{\"@type\":\"ReadAction\",\"target\":[\"https:\/\/aikido-vif.fr\/?page_id=37\"]}]}]}<\/script>\n<!-- \/ Yoast SEO plugin. -->","_links":{"self":[{"href":"https:\/\/aikido-vif.fr\/index.php?rest_route=\/wp\/v2\/pages\/37"}],"collection":[{"href":"https:\/\/aikido-vif.fr\/index.php?rest_route=\/wp\/v2\/pages"}],"about":[{"href":"https:\/\/aikido-vif.fr\/index.php?rest_route=\/wp\/v2\/types\/page"}],"author":[{"embeddable":true,"href":"https:\/\/aikido-vif.fr\/index.php?rest_route=\/wp\/v2\/users\/1"}],"replies":[{"embeddable":true,"href":"https:\/\/aikido-vif.fr\/index.php?rest_route=%2Fwp%2Fv2%2Fcomments&post=37"}],"version-history":[{"count":19,"href":"https:\/\/aikido-vif.fr\/index.php?rest_route=\/wp\/v2\/pages\/37\/revisions"}],"predecessor-version":[{"id":331,"href":"https:\/\/aikido-vif.fr\/index.php?rest_route=\/wp\/v2\/pages\/37\/revisions\/331"}],"wp:featuredmedia":[{"embeddable":true,"href":"https:\/\/aikido-vif.fr\/index.php?rest_route=\/wp\/v2\/media\/64"}],"wp:attachment":[{"href":"https:\/\/aikido-vif.fr\/index.php?rest_route=%2Fwp%2Fv2%2Fmedia&parent=37"}],"curies":[{"name":"wp","href":"https:\/\/api.w.org\/{rel}","templated":true}]}}