{"id":43,"date":"2020-07-17T21:51:40","date_gmt":"2020-07-17T19:51:40","guid":{"rendered":"http:\/\/aikido-vif.fr\/?page_id=43"},"modified":"2023-09-14T16:57:47","modified_gmt":"2023-09-14T14:57:47","slug":"prepa-efe","status":"publish","type":"page","link":"https:\/\/aikido-vif.fr\/?page_id=43","title":{"rendered":"Pr\u00e9pa EFE"},"content":{"rendered":"\n<div class=\"wp-container-3 wp-block-columns are-vertically-aligned-center\">\n<div class=\"wp-container-1 wp-block-column is-vertically-aligned-center\" style=\"flex-basis:66.66%\">\n<p>La pr\u00e9pa est un cycle de formation r\u00e9gionale de 6 W-E (dont 2 communs \u00e0 toutes les pr\u00e9pas). C\u2019est un engagement s\u00e9rieux pour tout pratiquant souhaitant s\u2019investir dans la pratique de l\u2019Aikido. Cette ann\u00e9e, nous offrons la possibilit\u00e9 \u00e0 tout pratiquant de venir essayer la pr\u00e9pa sur une journ\u00e9e ou un W-E.<\/p>\n\n\n\n<p>Les W-E de pr\u00e9pa sont l\u2019occasion de pratiquer sur une dur\u00e9e plus longue, de vivre des moments de convivialit\u00e9 avec les autres pratiquants du groupe.<\/p>\n\n\n\n<p>Il n\u2019y a pas de grade minimum pour faire la pr\u00e9pa. Elle peut \u00eatre int\u00e9gr\u00e9e d\u00e8s la premi\u00e8re ann\u00e9e de pratique.<\/p>\n\n\n\n<p>L\u2019enseignement est dispens\u00e9 par De Souza Sensei (4\u00e8me dan) et Lebel Sensei (3\u00e8me dan). Chaque stage se d\u00e9roulera dans un dojo diff\u00e9rent aux 4 coins de l\u2019ARADS.<\/p>\n\n\n\n<p>N\u2019h\u00e9siter pas \u00e0 parler \u00e0 votre enseignant ou aux \u00e9l\u00e8ves plus anciens de votre dojo pour des renseignements compl\u00e9mentaires.<\/p>\n<\/div>\n\n\n\n<div class=\"wp-container-2 wp-block-column is-vertically-aligned-center\" style=\"flex-basis:33.33%\"><div class=\"wp-block-image\">\n<figure class=\"aligncenter size-large\"><img loading=\"lazy\" width=\"1024\" height=\"769\" src=\"http:\/\/aikido-vif.fr\/wp-content\/uploads\/2020\/07\/prepa1-1-1024x769.jpg\" alt=\"\" class=\"wp-image-118\" srcset=\"https:\/\/aikido-vif.fr\/wp-content\/uploads\/2020\/07\/prepa1-1-1024x769.jpg 1024w, https:\/\/aikido-vif.fr\/wp-content\/uploads\/2020\/07\/prepa1-1-300x225.jpg 300w, https:\/\/aikido-vif.fr\/wp-content\/uploads\/2020\/07\/prepa1-1-768x577.jpg 768w, https:\/\/aikido-vif.fr\/wp-content\/uploads\/2020\/07\/prepa1-1-1536x1153.jpg 1536w, https:\/\/aikido-vif.fr\/wp-content\/uploads\/2020\/07\/prepa1-1-2048x1538.jpg 2048w, https:\/\/aikido-vif.fr\/wp-content\/uploads\/2020\/07\/prepa1-1-1200x901.jpg 1200w, https:\/\/aikido-vif.fr\/wp-content\/uploads\/2020\/07\/prepa1-1-1980x1487.jpg 1980w\" sizes=\"(max-width: 1024px) 100vw, 1024px\" \/><\/figure><\/div><\/div>\n<\/div>\n\n\n\n<div class=\"wp-container-6 wp-block-columns are-vertically-aligned-center\">\n<div class=\"wp-container-4 wp-block-column is-vertically-aligned-center\" style=\"flex-basis:33.33%\"><div class=\"wp-block-image\">\n<figure class=\"aligncenter size-large\"><img loading=\"lazy\" width=\"1024\" height=\"769\" src=\"http:\/\/aikido-vif.fr\/wp-content\/uploads\/2020\/07\/prepa8-1024x769.jpg\" alt=\"\" class=\"wp-image-121\" srcset=\"https:\/\/aikido-vif.fr\/wp-content\/uploads\/2020\/07\/prepa8-1024x769.jpg 1024w, https:\/\/aikido-vif.fr\/wp-content\/uploads\/2020\/07\/prepa8-300x225.jpg 300w, https:\/\/aikido-vif.fr\/wp-content\/uploads\/2020\/07\/prepa8-768x577.jpg 768w, https:\/\/aikido-vif.fr\/wp-content\/uploads\/2020\/07\/prepa8-1536x1153.jpg 1536w, https:\/\/aikido-vif.fr\/wp-content\/uploads\/2020\/07\/prepa8-2048x1538.jpg 2048w, https:\/\/aikido-vif.fr\/wp-content\/uploads\/2020\/07\/prepa8-1200x901.jpg 1200w, https:\/\/aikido-vif.fr\/wp-content\/uploads\/2020\/07\/prepa8-1980x1487.jpg 1980w\" sizes=\"(max-width: 1024px) 100vw, 1024px\" \/><\/figure><\/div><\/div>\n\n\n\n<div class=\"wp-container-5 wp-block-column is-vertically-aligned-center\" style=\"flex-basis:66.66%\">\n<p>Pour la saison 2023-2024 les dates de pr\u00e9pa sont les suivantes :<\/p>\n\n\n\n<ul><li>25-26 novembre 2023 \u00e0 Plateau des Petites Roches <\/li><li>03-04 f\u00e9vrier 2024 \u00e0 Pontcharra<\/li><li>16-17 mars 2024 Bellecombes en Bauges<\/li><li>25-26 mai 2024 Monestier de Clermont<\/li><li>06-07 avril 2024: EFE commune (Bourg Argental)<\/li><li>15-16 juin 2024 : pr\u00e9pa commune (Bourg Argental)<\/li><\/ul>\n\n\n\n<p>Retrouvez ci-joint la fiche d\u2019inscription 2023-2024 (\u00e0 venir)<\/p>\n\n\n\n<p>Pour tous renseignement ou inscription contactez\u00a0<\/p>\n<\/div>\n<\/div>\n\n\n\n<div class=\"wp-container-10 wp-block-columns\">\n<div class=\"wp-container-7 wp-block-column\" style=\"flex-basis:25%\"><\/div>\n\n\n\n<div class=\"wp-container-8 wp-block-column\" style=\"flex-basis:50%\"><\/div>\n\n\n\n<div class=\"wp-container-9 wp-block-column\" style=\"flex-basis:25%\"><\/div>\n<\/div>\n\n\n\n<div class=\"wp-container-15 wp-block-columns\">\n<div class=\"wp-container-12 wp-block-column\">\n<div class=\"wp-container-11 wp-block-buttons\">\n<div class=\"wp-block-button\"><a class=\"wp-block-button__link\" href=\"http:\/\/aikido-vif.fr\/?page_id=41\">Cycle armes<\/a><\/div>\n<\/div>\n<\/div>\n\n\n\n<div class=\"wp-container-14 wp-block-column\">\n<div class=\"wp-container-13 is-content-justification-right wp-block-buttons\">\n<div class=\"wp-block-button\"><a class=\"wp-block-button__link\" href=\"http:\/\/aikido-vif.fr\/?page_id=45\">Stages ARADS<\/a><\/div>\n<\/div>\n<\/div>\n<\/div>\n","protected":false},"excerpt":{"rendered":"<p>La pr\u00e9pa est un cycle de formation r\u00e9gionale de 6 W-E (dont 2 communs \u00e0 toutes les pr\u00e9pas). C\u2019est un engagement s\u00e9rieux pour tout pratiquant souhaitant s\u2019investir dans la pratique de l\u2019Aikido. Cette ann\u00e9e, nous offrons la possibilit\u00e9 \u00e0 tout pratiquant de venir essayer la pr\u00e9pa sur une journ\u00e9e ou un W-E. Les W-E de [&hellip;]<\/p>\n","protected":false},"author":1,"featured_media":61,"parent":0,"menu_order":0,"comment_status":"closed","ping_status":"closed","template":"templates\/template-full-width.php","meta":{"_monsterinsights_skip_tracking":false,"_monsterinsights_sitenote_active":false,"_monsterinsights_sitenote_note":"","_monsterinsights_sitenote_category":0},"yoast_head":"<!-- This site is optimized with the Yoast SEO plugin v14.9 - https:\/\/yoast.com\/wordpress\/plugins\/seo\/ -->\n<title>Pr\u00e9pa EFE - Acad\u00e9mie Vifoise d&#039;Aikido<\/title>\n<meta name=\"description\" content=\"Organis\u00e9e sur 7 WE dans l&#039;ann\u00e9e, la pr\u00e9pa r\u00e9gionale ARADS est un engagement s\u00e9rieux. Un premier pas indispensable vers l&#039;enseignement.\" \/>\n<meta name=\"robots\" content=\"index, follow, max-snippet:-1, max-image-preview:large, max-video-preview:-1\" \/>\n<link rel=\"canonical\" href=\"https:\/\/aikido-vif.fr\/?page_id=43\" \/>\n<meta property=\"og:locale\" content=\"fr_FR\" \/>\n<meta property=\"og:type\" content=\"article\" \/>\n<meta property=\"og:title\" content=\"Pr\u00e9pa EFE - Acad\u00e9mie Vifoise d&#039;Aikido\" \/>\n<meta property=\"og:description\" content=\"Organis\u00e9e sur 7 WE dans l&#039;ann\u00e9e, la pr\u00e9pa r\u00e9gionale ARADS est un engagement s\u00e9rieux. Un premier pas indispensable vers l&#039;enseignement.\" \/>\n<meta property=\"og:url\" content=\"https:\/\/aikido-vif.fr\/?page_id=43\" \/>\n<meta property=\"og:site_name\" content=\"Acad\u00e9mie Vifoise d&#039;Aikido\" \/>\n<meta property=\"article:publisher\" content=\"https:\/\/www.facebook.com\/Acad%c3%a9mie-Vifoise-dAikido-1715593915374216\" \/>\n<meta property=\"article:modified_time\" content=\"2023-09-14T14:57:47+00:00\" \/>\n<meta property=\"og:image\" content=\"https:\/\/aikido-vif.fr\/wp-content\/uploads\/2020\/07\/prepa1-scaled.jpg\" \/>\n\t<meta property=\"og:image:width\" content=\"2560\" \/>\n\t<meta property=\"og:image:height\" content=\"853\" \/>\n<meta name=\"twitter:card\" content=\"summary_large_image\" \/>\n<script type=\"application\/ld+json\" class=\"yoast-schema-graph\">{\"@context\":\"https:\/\/schema.org\",\"@graph\":[{\"@type\":\"WebSite\",\"@id\":\"https:\/\/aikido-vif.fr\/#website\",\"url\":\"https:\/\/aikido-vif.fr\/\",\"name\":\"Acad\\u00e9mie Vifoise d&#039;Aikido\",\"description\":\"Aikido Vif\",\"potentialAction\":[{\"@type\":\"SearchAction\",\"target\":\"https:\/\/aikido-vif.fr\/?s={search_term_string}\",\"query-input\":\"required name=search_term_string\"}],\"inLanguage\":\"fr-FR\"},{\"@type\":\"ImageObject\",\"@id\":\"https:\/\/aikido-vif.fr\/?page_id=43#primaryimage\",\"inLanguage\":\"fr-FR\",\"url\":\"https:\/\/aikido-vif.fr\/wp-content\/uploads\/2020\/07\/prepa1-scaled.jpg\",\"width\":2560,\"height\":853},{\"@type\":\"WebPage\",\"@id\":\"https:\/\/aikido-vif.fr\/?page_id=43#webpage\",\"url\":\"https:\/\/aikido-vif.fr\/?page_id=43\",\"name\":\"Pr\\u00e9pa EFE - Acad\\u00e9mie Vifoise d&#039;Aikido\",\"isPartOf\":{\"@id\":\"https:\/\/aikido-vif.fr\/#website\"},\"primaryImageOfPage\":{\"@id\":\"https:\/\/aikido-vif.fr\/?page_id=43#primaryimage\"},\"datePublished\":\"2020-07-17T19:51:40+00:00\",\"dateModified\":\"2023-09-14T14:57:47+00:00\",\"description\":\"Organis\\u00e9e sur 7 WE dans l'ann\\u00e9e, la pr\\u00e9pa r\\u00e9gionale ARADS est un engagement s\\u00e9rieux. Un premier pas indispensable vers l'enseignement.\",\"inLanguage\":\"fr-FR\",\"potentialAction\":[{\"@type\":\"ReadAction\",\"target\":[\"https:\/\/aikido-vif.fr\/?page_id=43\"]}]}]}<\/script>\n<!-- \/ Yoast SEO plugin. -->","_links":{"self":[{"href":"https:\/\/aikido-vif.fr\/index.php?rest_route=\/wp\/v2\/pages\/43"}],"collection":[{"href":"https:\/\/aikido-vif.fr\/index.php?rest_route=\/wp\/v2\/pages"}],"about":[{"href":"https:\/\/aikido-vif.fr\/index.php?rest_route=\/wp\/v2\/types\/page"}],"author":[{"embeddable":true,"href":"https:\/\/aikido-vif.fr\/index.php?rest_route=\/wp\/v2\/users\/1"}],"replies":[{"embeddable":true,"href":"https:\/\/aikido-vif.fr\/index.php?rest_route=%2Fwp%2Fv2%2Fcomments&post=43"}],"version-history":[{"count":18,"href":"https:\/\/aikido-vif.fr\/index.php?rest_route=\/wp\/v2\/pages\/43\/revisions"}],"predecessor-version":[{"id":302,"href":"https:\/\/aikido-vif.fr\/index.php?rest_route=\/wp\/v2\/pages\/43\/revisions\/302"}],"wp:featuredmedia":[{"embeddable":true,"href":"https:\/\/aikido-vif.fr\/index.php?rest_route=\/wp\/v2\/media\/61"}],"wp:attachment":[{"href":"https:\/\/aikido-vif.fr\/index.php?rest_route=%2Fwp%2Fv2%2Fmedia&parent=43"}],"curies":[{"name":"wp","href":"https:\/\/api.w.org\/{rel}","templated":true}]}}