{"id":45,"date":"2020-07-17T21:53:00","date_gmt":"2020-07-17T19:53:00","guid":{"rendered":"http:\/\/aikido-vif.fr\/?page_id=45"},"modified":"2023-09-18T14:53:50","modified_gmt":"2023-09-18T12:53:50","slug":"stages-arads","status":"publish","type":"page","link":"https:\/\/aikido-vif.fr\/?page_id=45","title":{"rendered":"Stages ARADS"},"content":{"rendered":"\n<p>l&rsquo;ARADS organise des stages avec Patrick Matoian (7\u00e8me dan) et Barthelemy sensei (6\u00e8me dan).<\/p>\n\n\n\n<p>Les dates des stages avec Patrick Matoian (7\u00e8me dan) pour la saison 2023-2024 sont les suivantes<\/p>\n\n\n\n<ul><li>18-19 novembre 2023<\/li><li>09-10 mars 2024<\/li><li>08-09 juin 2024<\/li><\/ul>\n\n\n\n<p>les lieux de stage seront communiqu\u00e9s tr\u00e8s prochainement<\/p>\n\n\n\n<div class=\"wp-container-5 wp-block-columns\">\n<div class=\"wp-container-2 wp-block-column\">\n<div class=\"wp-container-1 wp-block-buttons\">\n<div class=\"wp-block-button\"><a class=\"wp-block-button__link\" href=\"http:\/\/aikido-vif.fr\/?page_id=43\">Pr\u00e9pa EFE<\/a><\/div>\n<\/div>\n<\/div>\n\n\n\n<div class=\"wp-container-4 wp-block-column\">\n<div class=\"wp-container-3 is-content-justification-right wp-block-buttons\">\n<div class=\"wp-block-button\"><a class=\"wp-block-button__link\" href=\"http:\/\/aikido-vif.fr\/?page_id=41\">Cycle armes<\/a><\/div>\n<\/div>\n<\/div>\n<\/div>\n","protected":false},"excerpt":{"rendered":"<p>l&rsquo;ARADS organise des stages avec Patrick Matoian (7\u00e8me dan) et Barthelemy sensei (6\u00e8me dan). Les dates des stages avec Patrick Matoian (7\u00e8me dan) pour la saison 2023-2024 sont les suivantes 18-19 novembre 2023 09-10 mars 2024 08-09 juin 2024 les lieux de stage seront communiqu\u00e9s tr\u00e8s prochainement<\/p>\n","protected":false},"author":1,"featured_media":59,"parent":0,"menu_order":0,"comment_status":"closed","ping_status":"closed","template":"templates\/template-full-width.php","meta":{"_monsterinsights_skip_tracking":false,"_monsterinsights_sitenote_active":false,"_monsterinsights_sitenote_note":"","_monsterinsights_sitenote_category":0},"yoast_head":"<!-- This site is optimized with the Yoast SEO plugin v14.9 - https:\/\/yoast.com\/wordpress\/plugins\/seo\/ -->\n<title>Stages ARADS - Acad\u00e9mie Vifoise d&#039;Aikido<\/title>\n<meta name=\"description\" content=\"Retrouvez tous les stages ARADS organis\u00e9s \u00e0 Vif et dans la r\u00e9gion.\" \/>\n<meta name=\"robots\" content=\"index, follow, max-snippet:-1, max-image-preview:large, max-video-preview:-1\" \/>\n<link rel=\"canonical\" href=\"https:\/\/aikido-vif.fr\/?page_id=45\" \/>\n<meta property=\"og:locale\" content=\"fr_FR\" \/>\n<meta property=\"og:type\" content=\"article\" \/>\n<meta property=\"og:title\" content=\"Stages ARADS - Acad\u00e9mie Vifoise d&#039;Aikido\" \/>\n<meta property=\"og:description\" content=\"Retrouvez tous les stages ARADS organis\u00e9s \u00e0 Vif et dans la r\u00e9gion.\" \/>\n<meta property=\"og:url\" content=\"https:\/\/aikido-vif.fr\/?page_id=45\" \/>\n<meta property=\"og:site_name\" content=\"Acad\u00e9mie Vifoise d&#039;Aikido\" \/>\n<meta property=\"article:publisher\" content=\"https:\/\/www.facebook.com\/Acad%c3%a9mie-Vifoise-dAikido-1715593915374216\" \/>\n<meta property=\"article:modified_time\" content=\"2023-09-18T12:53:50+00:00\" \/>\n<meta property=\"og:image\" content=\"https:\/\/aikido-vif.fr\/wp-content\/uploads\/2020\/07\/enfants_ken-scaled.jpg\" \/>\n\t<meta property=\"og:image:width\" content=\"2560\" \/>\n\t<meta property=\"og:image:height\" content=\"853\" \/>\n<meta name=\"twitter:card\" content=\"summary_large_image\" \/>\n<script type=\"application\/ld+json\" class=\"yoast-schema-graph\">{\"@context\":\"https:\/\/schema.org\",\"@graph\":[{\"@type\":\"WebSite\",\"@id\":\"https:\/\/aikido-vif.fr\/#website\",\"url\":\"https:\/\/aikido-vif.fr\/\",\"name\":\"Acad\\u00e9mie Vifoise d&#039;Aikido\",\"description\":\"Aikido Vif\",\"potentialAction\":[{\"@type\":\"SearchAction\",\"target\":\"https:\/\/aikido-vif.fr\/?s={search_term_string}\",\"query-input\":\"required name=search_term_string\"}],\"inLanguage\":\"fr-FR\"},{\"@type\":\"ImageObject\",\"@id\":\"https:\/\/aikido-vif.fr\/?page_id=45#primaryimage\",\"inLanguage\":\"fr-FR\",\"url\":\"https:\/\/aikido-vif.fr\/wp-content\/uploads\/2020\/07\/enfants_ken-scaled.jpg\",\"width\":2560,\"height\":853},{\"@type\":\"WebPage\",\"@id\":\"https:\/\/aikido-vif.fr\/?page_id=45#webpage\",\"url\":\"https:\/\/aikido-vif.fr\/?page_id=45\",\"name\":\"Stages ARADS - Acad\\u00e9mie Vifoise d&#039;Aikido\",\"isPartOf\":{\"@id\":\"https:\/\/aikido-vif.fr\/#website\"},\"primaryImageOfPage\":{\"@id\":\"https:\/\/aikido-vif.fr\/?page_id=45#primaryimage\"},\"datePublished\":\"2020-07-17T19:53:00+00:00\",\"dateModified\":\"2023-09-18T12:53:50+00:00\",\"description\":\"Retrouvez tous les stages ARADS organis\\u00e9s \\u00e0 Vif et dans la r\\u00e9gion.\",\"inLanguage\":\"fr-FR\",\"potentialAction\":[{\"@type\":\"ReadAction\",\"target\":[\"https:\/\/aikido-vif.fr\/?page_id=45\"]}]}]}<\/script>\n<!-- \/ Yoast SEO plugin. -->","_links":{"self":[{"href":"https:\/\/aikido-vif.fr\/index.php?rest_route=\/wp\/v2\/pages\/45"}],"collection":[{"href":"https:\/\/aikido-vif.fr\/index.php?rest_route=\/wp\/v2\/pages"}],"about":[{"href":"https:\/\/aikido-vif.fr\/index.php?rest_route=\/wp\/v2\/types\/page"}],"author":[{"embeddable":true,"href":"https:\/\/aikido-vif.fr\/index.php?rest_route=\/wp\/v2\/users\/1"}],"replies":[{"embeddable":true,"href":"https:\/\/aikido-vif.fr\/index.php?rest_route=%2Fwp%2Fv2%2Fcomments&post=45"}],"version-history":[{"count":7,"href":"https:\/\/aikido-vif.fr\/index.php?rest_route=\/wp\/v2\/pages\/45\/revisions"}],"predecessor-version":[{"id":312,"href":"https:\/\/aikido-vif.fr\/index.php?rest_route=\/wp\/v2\/pages\/45\/revisions\/312"}],"wp:featuredmedia":[{"embeddable":true,"href":"https:\/\/aikido-vif.fr\/index.php?rest_route=\/wp\/v2\/media\/59"}],"wp:attachment":[{"href":"https:\/\/aikido-vif.fr\/index.php?rest_route=%2Fwp%2Fv2%2Fmedia&parent=45"}],"curies":[{"name":"wp","href":"https:\/\/api.w.org\/{rel}","templated":true}]}}